{"id":965,"date":"2015-08-31T21:37:20","date_gmt":"2015-08-31T20:37:20","guid":{"rendered":"http:\/\/zoutula.com\/themes\/kiddie\/?page_id=965"},"modified":"2025-12-02T13:20:05","modified_gmt":"2025-12-02T12:20:05","slug":"szunnapok","status":"publish","type":"page","link":"https:\/\/szolofurtovoda.reformatus.hu\/?page_id=965","title":{"rendered":"Sz\u00fcnnapok"},"content":{"rendered":"<div class=\"vce-row-container\" data-vce-boxed-width=\"true\"><div class=\"vce-row vce-row--col-gap-30 vce-row-equal-height vce-row-content--top\" id=\"el-d97724a4\" data-vce-do-apply=\"all el-d97724a4\"><div class=\"vce-row-content\" data-vce-element-content=\"true\"><div class=\"vce-col vce-col--md-auto vce-col--xs-1 vce-col--xs-last vce-col--xs-first vce-col--sm-last vce-col--sm-first vce-col--md-last vce-col--lg-last vce-col--xl-last vce-col--md-first vce-col--lg-first vce-col--xl-first\" id=\"el-85c38047\"><div class=\"vce-col-inner\" data-vce-do-apply=\"border margin background  el-85c38047\"><div class=\"vce-col-content\" data-vce-element-content=\"true\" data-vce-do-apply=\"padding el-85c38047\"><div class=\"vce-text-block\"><div class=\"vce-text-block-wrapper vce\" id=\"el-cbfd6f4d\" data-vce-do-apply=\"all el-cbfd6f4d\"><p>Nevel\u00e9s n\u00e9lk\u00fcli munkanapok<br>- 2025. 09.26.&nbsp;<br>- 2025. 11. 17.<br>- 2026. 03. 02.&nbsp;<br>- 2026. 06.12 vagy 19.<br>- 2026. 08.28.&nbsp;<\/p><\/div><\/div><\/div><\/div><\/div><\/div><\/div><\/div>\n","protected":false},"excerpt":{"rendered":"<p>Nevel\u00e9s n\u00e9lk\u00fcli munkanapok- 2025. 09.26.&nbsp;&#8211; 2025. 11. 17.- 2026. 03. 02.&nbsp;&#8211; 2026. 06.12 vagy 19.- 2026. 08.28.&nbsp;<\/p>\n","protected":false},"author":1,"featured_media":0,"parent":0,"menu_order":0,"comment_status":"closed","ping_status":"closed","template":"","meta":{"ngg_post_thumbnail":0,"_mc_calendar":[],"footnotes":""},"class_list":["post-965","page","type-page","status-publish","hentry"],"_links":{"self":[{"href":"https:\/\/szolofurtovoda.reformatus.hu\/index.php?rest_route=\/wp\/v2\/pages\/965","targetHints":{"allow":["GET"]}}],"collection":[{"href":"https:\/\/szolofurtovoda.reformatus.hu\/index.php?rest_route=\/wp\/v2\/pages"}],"about":[{"href":"https:\/\/szolofurtovoda.reformatus.hu\/index.php?rest_route=\/wp\/v2\/types\/page"}],"author":[{"embeddable":true,"href":"https:\/\/szolofurtovoda.reformatus.hu\/index.php?rest_route=\/wp\/v2\/users\/1"}],"replies":[{"embeddable":true,"href":"https:\/\/szolofurtovoda.reformatus.hu\/index.php?rest_route=%2Fwp%2Fv2%2Fcomments&post=965"}],"version-history":[{"count":9,"href":"https:\/\/szolofurtovoda.reformatus.hu\/index.php?rest_route=\/wp\/v2\/pages\/965\/revisions"}],"predecessor-version":[{"id":6454,"href":"https:\/\/szolofurtovoda.reformatus.hu\/index.php?rest_route=\/wp\/v2\/pages\/965\/revisions\/6454"}],"wp:attachment":[{"href":"https:\/\/szolofurtovoda.reformatus.hu\/index.php?rest_route=%2Fwp%2Fv2%2Fmedia&parent=965"}],"curies":[{"name":"wp","href":"https:\/\/api.w.org\/{rel}","templated":true}]}}