{"id":3576,"date":"2023-02-26T13:11:40","date_gmt":"2023-02-26T12:11:40","guid":{"rendered":"https:\/\/szolofurtovoda.reformatus.hu\/?page_id=3576"},"modified":"2023-03-24T14:01:02","modified_gmt":"2023-03-24T13:01:02","slug":"csoportok-halacska","status":"publish","type":"page","link":"https:\/\/szolofurtovoda.reformatus.hu\/?page_id=3576","title":{"rendered":"Csoportok &#8211; Halacska"},"content":{"rendered":"<div class=\"vce-row-container\" data-vce-boxed-width=\"true\"><div class=\"vce-row vce-row--col-gap-30 vce-row-equal-height vce-row-content--top\" id=\"el-2b9ce625\" data-vce-do-apply=\"all el-2b9ce625\"><div class=\"vce-row-content\" data-vce-element-content=\"true\"><div class=\"vce-col vce-col--md-auto vce-col--xs-1 vce-col--xs-last vce-col--xs-first vce-col--sm-last vce-col--sm-first vce-col--md-last vce-col--lg-last vce-col--xl-last vce-col--md-first vce-col--lg-first vce-col--xl-first\" id=\"el-c8c8ecac\"><div class=\"vce-col-inner\" data-vce-do-apply=\"border margin background  el-c8c8ecac\"><div class=\"vce-col-content\" data-vce-element-content=\"true\" data-vce-do-apply=\"padding el-c8c8ecac\"><div class=\"vce-text-block\"><div class=\"vce-text-block-wrapper vce\" id=\"el-5b20b61b\" data-vce-do-apply=\"all el-5b20b61b\"><p style=\"text-align: center;\">Hajnaln\u00e9 Vargyas Be\u00e1ta \u00f3vodapedag\u00f3gus<\/p>\n<p style=\"text-align: center;\">Varga D\u00f3ra Panka \u00f3vodapedag\u00f3gus<\/p>\n<p style=\"text-align: center;\">Sztolyk\u00e1n\u00e9 Kulcs\u00e1r M\u00e1ria dajka<\/p><\/div><\/div><\/div><\/div><\/div><\/div><\/div><\/div>\n","protected":false},"excerpt":{"rendered":"<p>Hajnaln\u00e9 Vargyas Be\u00e1ta \u00f3vodapedag\u00f3gus Varga D\u00f3ra Panka \u00f3vodapedag\u00f3gus Sztolyk\u00e1n\u00e9 Kulcs\u00e1r M\u00e1ria dajka<\/p>\n","protected":false},"author":1,"featured_media":0,"parent":0,"menu_order":0,"comment_status":"closed","ping_status":"closed","template":"","meta":{"ngg_post_thumbnail":0,"_mc_calendar":[],"footnotes":""},"class_list":["post-3576","page","type-page","status-publish","hentry"],"_links":{"self":[{"href":"https:\/\/szolofurtovoda.reformatus.hu\/index.php?rest_route=\/wp\/v2\/pages\/3576","targetHints":{"allow":["GET"]}}],"collection":[{"href":"https:\/\/szolofurtovoda.reformatus.hu\/index.php?rest_route=\/wp\/v2\/pages"}],"about":[{"href":"https:\/\/szolofurtovoda.reformatus.hu\/index.php?rest_route=\/wp\/v2\/types\/page"}],"author":[{"embeddable":true,"href":"https:\/\/szolofurtovoda.reformatus.hu\/index.php?rest_route=\/wp\/v2\/users\/1"}],"replies":[{"embeddable":true,"href":"https:\/\/szolofurtovoda.reformatus.hu\/index.php?rest_route=%2Fwp%2Fv2%2Fcomments&post=3576"}],"version-history":[{"count":5,"href":"https:\/\/szolofurtovoda.reformatus.hu\/index.php?rest_route=\/wp\/v2\/pages\/3576\/revisions"}],"predecessor-version":[{"id":4110,"href":"https:\/\/szolofurtovoda.reformatus.hu\/index.php?rest_route=\/wp\/v2\/pages\/3576\/revisions\/4110"}],"wp:attachment":[{"href":"https:\/\/szolofurtovoda.reformatus.hu\/index.php?rest_route=%2Fwp%2Fv2%2Fmedia&parent=3576"}],"curies":[{"name":"wp","href":"https:\/\/api.w.org\/{rel}","templated":true}]}}