{"id":3573,"date":"2023-02-26T13:11:15","date_gmt":"2023-02-26T12:11:15","guid":{"rendered":"https:\/\/szolofurtovoda.reformatus.hu\/?page_id=3573"},"modified":"2024-09-09T15:04:51","modified_gmt":"2024-09-09T14:04:51","slug":"csoportok-csillag","status":"publish","type":"page","link":"https:\/\/szolofurtovoda.reformatus.hu\/?page_id=3573","title":{"rendered":"Csoportok &#8211; Csillag"},"content":{"rendered":"<div class=\"vce-row-container\" data-vce-boxed-width=\"true\"><div class=\"vce-row vce-row--col-gap-30 vce-row-equal-height vce-row-content--top\" id=\"el-5eb9e22c\" data-vce-do-apply=\"all el-5eb9e22c\"><div class=\"vce-row-content\" data-vce-element-content=\"true\"><div class=\"vce-col vce-col--md-auto vce-col--xs-1 vce-col--xs-last vce-col--xs-first vce-col--sm-last vce-col--sm-first vce-col--md-last vce-col--lg-last vce-col--xl-last vce-col--md-first vce-col--lg-first vce-col--xl-first\" id=\"el-e74fdcf0\"><div class=\"vce-col-inner\" data-vce-do-apply=\"border margin background  el-e74fdcf0\"><div class=\"vce-col-content\" data-vce-element-content=\"true\" data-vce-do-apply=\"padding el-e74fdcf0\"><div class=\"vce-text-block\"><div class=\"vce-text-block-wrapper vce\" id=\"el-1fa189c5\" data-vce-do-apply=\"all el-1fa189c5\"><p style=\"text-align: center;\">Borossn\u00e9 R\u00e1k Nikoletta \u00f3vodapedag\u00f3gus<\/p><p style=\"text-align: center;\">Balogh Katalin \u00f3vodapedag\u00f3gus<\/p><p style=\"text-align: center;\">Csejpes Katalin dajka<\/p><\/div><\/div><\/div><\/div><\/div><\/div><\/div><\/div>\n","protected":false},"excerpt":{"rendered":"<p>Borossn\u00e9 R\u00e1k Nikoletta \u00f3vodapedag\u00f3gusBalogh Katalin \u00f3vodapedag\u00f3gusCsejpes Katalin dajka<\/p>\n","protected":false},"author":1,"featured_media":0,"parent":0,"menu_order":0,"comment_status":"closed","ping_status":"closed","template":"","meta":{"ngg_post_thumbnail":0,"_mc_calendar":[],"footnotes":""},"class_list":["post-3573","page","type-page","status-publish","hentry"],"_links":{"self":[{"href":"https:\/\/szolofurtovoda.reformatus.hu\/index.php?rest_route=\/wp\/v2\/pages\/3573","targetHints":{"allow":["GET"]}}],"collection":[{"href":"https:\/\/szolofurtovoda.reformatus.hu\/index.php?rest_route=\/wp\/v2\/pages"}],"about":[{"href":"https:\/\/szolofurtovoda.reformatus.hu\/index.php?rest_route=\/wp\/v2\/types\/page"}],"author":[{"embeddable":true,"href":"https:\/\/szolofurtovoda.reformatus.hu\/index.php?rest_route=\/wp\/v2\/users\/1"}],"replies":[{"embeddable":true,"href":"https:\/\/szolofurtovoda.reformatus.hu\/index.php?rest_route=%2Fwp%2Fv2%2Fcomments&post=3573"}],"version-history":[{"count":8,"href":"https:\/\/szolofurtovoda.reformatus.hu\/index.php?rest_route=\/wp\/v2\/pages\/3573\/revisions"}],"predecessor-version":[{"id":5767,"href":"https:\/\/szolofurtovoda.reformatus.hu\/index.php?rest_route=\/wp\/v2\/pages\/3573\/revisions\/5767"}],"wp:attachment":[{"href":"https:\/\/szolofurtovoda.reformatus.hu\/index.php?rest_route=%2Fwp%2Fv2%2Fmedia&parent=3573"}],"curies":[{"name":"wp","href":"https:\/\/api.w.org\/{rel}","templated":true}]}}