{"id":314,"date":"2015-03-15T08:21:38","date_gmt":"2015-03-15T07:21:38","guid":{"rendered":"http:\/\/zoutula.com\/themes\/kiddie\/?page_id=314"},"modified":"2026-02-23T13:21:51","modified_gmt":"2026-02-23T12:21:51","slug":"kapcsolat","status":"publish","type":"page","link":"https:\/\/szolofurtovoda.reformatus.hu\/?page_id=314","title":{"rendered":"Kapcsolat"},"content":{"rendered":"<div class=\"vce-row-container\" data-vce-boxed-width=\"true\"><div class=\"vce-row vce-row--col-gap-30 vce-row-equal-height vce-row-content--top\" id=\"el-d84ed66f\" data-vce-do-apply=\"all el-d84ed66f\"><div class=\"vce-content-background-container\"><\/div><div class=\"vce-row-content\" data-vce-element-content=\"true\"><div class=\"vce-col vce-col--md-auto vce-col--xs-1 vce-col--xs-last vce-col--xs-first vce-col--sm-last vce-col--sm-first vce-col--md-last vce-col--lg-last vce-col--xl-last vce-col--md-first vce-col--lg-first vce-col--xl-first\" id=\"el-f85deb44\"><div class=\"vce-col-inner\" data-vce-do-apply=\"border margin background  el-f85deb44\"><div class=\"vce-col-content\" data-vce-element-content=\"true\" data-vce-do-apply=\"padding el-f85deb44\"><div class=\"vce-widgets-container\"><div class=\"vce vce-widgets-wrapper\" id=\"el-12c54b33\" data-vce-do-apply=\"all el-12c54b33\">\t\t<div class=\"container ztl-widget-circles\">\n\t\t\t<div class=\"row\">\n\t\t\t\t<div class=\"col-xs-12 ztl-widget-title-dark ztl-widget-title clearfix\">\n\t\t\t\t\t\t\t\t\t<\/div>\n\t\t\t\t<div class=\"col-sm-3 col-xs-12 item\">\n\t\t\t\t\t<div class=\"ztl-widget-circle\" style=\"background-color:#f25141; color:#f25141;\">\n\t\t\t\t\t\t<img src=\"https:\/\/szolofurtovoda.reformatus.hu\/wp-content\/uploads\/2023\/03\/map.png\" alt=\"Circle Image\"\/>\n\t\t\t\t\t\t<div class=\"ztl-item-circle-edge\" style=\"box-shadow: 0 0 0 4px #f25141;\">\n\t\t\t\t\t\t<\/div>\n\t\t\t\t\t<\/div>\n\t\t\t\t\t<div class=\"ztl-widget-circle-title\" style=\"color:#f25141\">\n\t\t\t\t\t\tC\u00edm\t\t\t\t\t<\/div>\n\t\t\t\t\t<div class=\"ztl-widget-circle-description\">\n\t\t\t\t\t\tSz\u0151l\u0151f\u00fcrt Reform\u00e1tus \u00d3voda,\n2113. Erd\u0151kertes\nT\u00f3 utca 13.\t\t\t\t\t<\/div>\n\t\t\t\t<\/div>\n\n\t\t\t\t<div class=\"col-sm-3 col-xs-12 item\">\n\t\t\t\t\t<div class=\"ztl-widget-circle\" style=\"background-color:#ffd823; color:#ffd823;\">\n\t\t\t\t\t\t<img src=\"https:\/\/szolofurtovoda.reformatus.hu\/wp-content\/uploads\/2023\/03\/heart-symbol.png\" alt=\"Circle Image\"\/>\n\t\t\t\t\t\t<div class=\"ztl-item-circle-edge\" style=\"box-shadow: 0 0 0 4px #ffd823;\">\n\t\t\t\t\t\t<\/div>\n\t\t\t\t\t<\/div>\n\t\t\t\t\t<div class=\"ztl-widget-circle-title\" style=\"color:#ffd823\">\n\t\t\t\t\t\tInt\u00e9zm\u00e9nyvezet\u0151\t\t\t\t\t<\/div>\n\t\t\t\t\t<div class=\"ztl-widget-circle-description\">\n\t\t\t\t\t\tHoholn\u00e9 Varga T\u00edmea\n\nszolofurtvezeto@gmail.com\n\nTel.: 0628-745-855\n\nTel.: 0630-546-2642\t\t\t\t\t<\/div>\n\t\t\t\t<\/div>\n\n\t\t\t\t<div class=\"col-sm-3 col-xs-12 item\">\n\t\t\t\t\t<div class=\"ztl-widget-circle\"\n\t\t\t\t\t    style=\"background-color:#93c524; color:#93c524;\">\n\t\t\t\t\t\t<img src=\"https:\/\/szolofurtovoda.reformatus.hu\/wp-content\/uploads\/2023\/03\/email.png\" alt=\"Circle Image\"\/>\n\t\t\t\t\t\t<div class=\"ztl-item-circle-edge\" style=\"box-shadow: 0 0 0 4px #93c524;\">\n\t\t\t\t\t\t<\/div>\n\t\t\t\t\t<\/div>\n\t\t\t\t\t<div class=\"ztl-widget-circle-title\" style=\"color:#93c524\">\n\t\t\t\t\t\tEmail\t\t\t\t\t<\/div>\n\t\t\t\t\t<div class=\"ztl-widget-circle-description\">\n\t\t\t\t\t\tszolofurtovoda@gmail.com\t\t\t\t\t<\/div>\n\t\t\t\t<\/div>\n\t\t\t\t<div class=\"col-sm-3 col-xs-12 item\">\n\t\t\t\t\t<div class=\"ztl-widget-circle\" style=\"background-color:#28a8e3; color:#28a8e3;\">\n\t\t\t\t\t\t<img src=\"https:\/\/szolofurtovoda.reformatus.hu\/wp-content\/uploads\/2015\/12\/savings1.png\" alt=\"Circle Image\"\/>\n\t\t\t\t\t\t<div class=\"ztl-item-circle-edge\" style=\"box-shadow: 0 0 0 4px #28a8e3;\">\n\t\t\t\t\t\t<\/div>\n\t\t\t\t\t<\/div>\n\t\t\t\t\t<div class=\"ztl-widget-circle-title\" style=\"color:#28a8e3\">\n\t\t\t\t\t\tBanksz\u00e1mlasz\u00e1m\t\t\t\t\t<\/div>\n\t\t\t\t\t<div class=\"ztl-widget-circle-description\">\n\t\t\t\t\t\tOTP Bank Nyrt.\n\n11784009-20603674\t\t\t\t\t<\/div>\n\t\t\t\t<\/div>\n\t\t\t<\/div>\n\t\t<\/div>\n\t\t<\/div><\/div><\/div><\/div><\/div><\/div><\/div><\/div>\n","protected":false},"excerpt":{"rendered":"C\u00edm Sz\u0151l\u0151f\u00fcrt Reform\u00e1tus \u00d3voda, 2113. Erd\u0151kertes T\u00f3 utca 13. Int\u00e9zm\u00e9nyvezet\u0151 Hoholn\u00e9 Varga T\u00edmea szolofurtvezeto@gmail.com Tel.: 0628-745-855 Tel.: 0630-546-2642 Email szolofurtovoda@gmail.com Banksz\u00e1mlasz\u00e1m OTP Bank Nyrt. 11784009-20603674","protected":false},"author":1,"featured_media":0,"parent":0,"menu_order":0,"comment_status":"closed","ping_status":"closed","template":"","meta":{"ngg_post_thumbnail":0,"_mc_calendar":[],"footnotes":""},"class_list":["post-314","page","type-page","status-publish","hentry"],"_links":{"self":[{"href":"https:\/\/szolofurtovoda.reformatus.hu\/index.php?rest_route=\/wp\/v2\/pages\/314","targetHints":{"allow":["GET"]}}],"collection":[{"href":"https:\/\/szolofurtovoda.reformatus.hu\/index.php?rest_route=\/wp\/v2\/pages"}],"about":[{"href":"https:\/\/szolofurtovoda.reformatus.hu\/index.php?rest_route=\/wp\/v2\/types\/page"}],"author":[{"embeddable":true,"href":"https:\/\/szolofurtovoda.reformatus.hu\/index.php?rest_route=\/wp\/v2\/users\/1"}],"replies":[{"embeddable":true,"href":"https:\/\/szolofurtovoda.reformatus.hu\/index.php?rest_route=%2Fwp%2Fv2%2Fcomments&post=314"}],"version-history":[{"count":16,"href":"https:\/\/szolofurtovoda.reformatus.hu\/index.php?rest_route=\/wp\/v2\/pages\/314\/revisions"}],"predecessor-version":[{"id":6541,"href":"https:\/\/szolofurtovoda.reformatus.hu\/index.php?rest_route=\/wp\/v2\/pages\/314\/revisions\/6541"}],"wp:attachment":[{"href":"https:\/\/szolofurtovoda.reformatus.hu\/index.php?rest_route=%2Fwp%2Fv2%2Fmedia&parent=314"}],"curies":[{"name":"wp","href":"https:\/\/api.w.org\/{rel}","templated":true}]}}